{"id":695,"date":"2021-07-14T20:15:41","date_gmt":"2021-07-14T20:15:41","guid":{"rendered":"http:\/\/molamoladive.es\/politica-de-cookies"},"modified":"2022-02-23T17:01:04","modified_gmt":"2022-02-23T16:01:04","slug":"politica-de-cookies","status":"publish","type":"page","link":"https:\/\/molamoladive.es\/en\/politica-de-cookies","title":{"rendered":"Cookie Policy"},"content":{"rendered":"<p>MOLAMOLA DIVE, hereinafter referred to as The Company, owns and is responsible for the website WWW.MOLAMOLADIVE.ES, which uses cookies for various functionalities.<\/p>\n\n\n\n<h2 class=\"wp-block-heading\"><strong>What are cookies?<\/strong><\/h2>\n\n\n\n<p>Cookies are files that are sent to the computer devices used to access a website and that allow information to be obtained from the user, about their identification, preferences and usage patterns in browsing.<\/p>\n\n\n\n<h2 class=\"wp-block-heading\"><strong>Use of cookies<\/strong><\/h2>\n\n\n\n<p><a href=\"http:\/\/molamoladive.es\/en\/\">The Company<\/a> This website uses various cookies to gather information about how you browse and interact with it. This information, once analyzed, helps us optimize your browsing experience and compile statistics on visits and usage.<\/p>\n\n\n\n<ol class=\"wp-block-list\" start=\"3\"><li><strong>Types of cookies<\/strong><\/li><\/ol>\n\n\n\n<h2 class=\"wp-block-heading\">The types of cookies that the Company uses on its website are the following:<\/h2>\n\n\n\n<ul class=\"wp-block-list\"><li><strong>First-party cookies:<\/strong>&nbsp;These are the ones that are installed from the website that the user is visiting.<\/li><li><strong>Third-party cookies:<\/strong>&nbsp;These are the ones that are installed from a site other than the website that the user is visiting (e.g., Google, social networks, etc.).<\/li><li><strong>Technical cookies:<\/strong>&nbsp;These are the ones that allow you to control traffic and data communication.<\/li><li><strong>Analytical and\/or performance cookies:<\/strong>&nbsp;They allow you to understand the behavior of website users and obtain statistical data, such as the number of visits, interactions, etc.<\/li><li><strong>Advertising cookies:<\/strong>&nbsp;They allow us to offer users advertising that is interesting to them based on data collected about their preferences and tastes.<\/li><li><strong>Target cookies:<\/strong>&nbsp;They allow the user to share content or interact with, for example, social networks.<\/li><li><strong>Session cookies:<\/strong>&nbsp;These are temporary files that are installed in the user&#039;s browser when they visit a web page and are deleted when the browser is closed.<\/li><li><strong>Persistent cookies:<\/strong>&nbsp;These files remain in a subfolder of the user&#039;s browser until they are manually deleted or their browser deletes them according to the duration period set in the file.<\/li><\/ul>\n\n\n\n<p>If you would like more information about cookies, you can access the following link:&nbsp;<a href=\"https:\/\/www.incibe.es\/protege-tu-empresa\/blog\/cookies-empresas-ciberseguridad\">https:\/\/www.incibe.es\/protege-tu-empresa\/blog\/cookies-empresas-ciberseguridad<\/a>&nbsp;<\/p>\n\n\n\n<h2 class=\"wp-block-heading\"><strong>Cookies installed on the Company&#039;s website<\/strong><\/h2>\n\n\n\n<p>Description and purpose of the cookies installed on the Company&#039;s website:<\/p>\n\n\n\n<figure class=\"wp-block-table\"><table><tbody><tr><td><strong>Name<\/strong><\/td><td><strong>Purpose<\/strong><\/td><td><strong>Guy<\/strong><\/td><td><strong>Duration<\/strong><\/td><td><strong>Domain<\/strong><\/td><\/tr><tr><td>hasConsents<\/td><td>Technique<\/td><td>Technique, own and permanent<\/td><td>1 year<\/td><td>edufy.es<\/td><\/tr><tr><td>hasConsent<\/td><td>Technique<\/td><td>Technique, own and permanent<\/td><td>1 year<\/td><td>edufy.es<\/td><\/tr><tr><td>__zlcmid<\/td><td>Technique<\/td><td>Technical, third-party and permanent<\/td><td>1 year<\/td><td>edufy.es<\/td><\/tr><tr><td>_gid<\/td><td>Analytics<\/td><td>Analytics, third-party and ongoing<\/td><td>1 day<\/td><td>edufy.es<\/td><\/tr><tr><td>_ga<\/td><td>Analytics<\/td><td>Analytics, third-party and ongoing<\/td><td>2 years<\/td><td>edufy.es<\/td><\/tr><tr><td>wordpress_lp_guest<\/td><td>Analytics<\/td><td>Analytics, third-party and ongoing<\/td><td>Session<\/td><td>edufy.es<\/td><\/tr><tr><td>_gat_gtag_UA_141757134_1<\/td><td>Analytics<\/td><td>Analytics, third-party and session<\/td><td>Session<\/td><td>edufy.es<\/td><\/tr><tr><td>wp_learn_press_session_48c678a212b5a21f0344295b2368844d<\/td><td>Technique<\/td><td>Technical, third-party and session<\/td><td>Session<\/td><td>edufy.es<\/td><\/tr><\/tbody><\/table><\/figure>\n\n\n\n<h2 class=\"wp-block-heading\"><strong>Disabling or deleting cookies<\/strong><\/h2>\n\n\n\n<p>When you access the Company&#039;s website, you are informed of the existence of cookies and the option to accept or reject them, either all or some. Rejecting some of them may prevent you from continuing to browse the website, cause your browsing to be defective, or prevent you from accessing certain services.&nbsp;<\/p>\n\n\n\n<p>In any case, you will have the option to accept, limit or reject them at any time, either through the company&#039;s website or through your browser.&nbsp;<\/p>\n\n\n\n<p>Below are the cookie settings links for the most common browsers:<\/p>\n\n\n\n<ul class=\"wp-block-list\"><li>Google Chrome:&nbsp;<\/li><\/ul>\n\n\n\n<p><a href=\"https:\/\/support.google.com\/chrome\/answer\/95647?co=GENIE.Platform=Desktop&amp;&amp;hl=es\">https:\/\/support.google.com\/chrome\/answer\/95647?co=GENIE.Platform=Desktop&amp;&amp;hl=es<\/a><\/p>\n\n\n\n<ul class=\"wp-block-list\"><li>Mozilla Firefox:<\/li><\/ul>\n\n\n\n<p><a href=\"https:\/\/support.mozilla.org\/es\/kb\/impedir-que-los-sitios-web-guarden-sus-preferencia\">https:\/\/support.mozilla.org\/es\/kb\/impedir-que-los-sitios-web-guarden-sus-preferencia<\/a><\/p>\n\n\n\n<ul class=\"wp-block-list\"><li>Internet Explorer:<\/li><\/ul>\n\n\n\n<p><a href=\"https:\/\/support.microsoft.com\/es-es\/help\/17442\/windows-internet-explorer-delete-manage-cookies\">https:\/\/support.microsoft.com\/es-es\/help\/17442\/windows-internet-explorer-delete-manage-cookies<\/a><\/p>\n\n\n\n<ul class=\"wp-block-list\"><li>Safari:<\/li><\/ul>\n\n\n\n<p><a href=\"https:\/\/support.apple.com\/es-es\/HT201265\">https:\/\/support.apple.com\/es-es\/HT201265<\/a><\/p>\n\n\n\n<ul class=\"wp-block-list\"><li>Opera:<\/li><\/ul>\n\n\n\n<p><a href=\"https:\/\/help.opera.com\/en\/latest\/web-preferences\/#cookies\">https:\/\/help.opera.com\/en\/latest\/web-preferences\/#cookies<\/a><\/p>\n\n\n\n<h2 class=\"wp-block-heading\"><strong>Updates and changes to the Cookie Policy<\/strong><\/h2>\n\n\n\n<p>The Company reserves the right to update and\/or modify this Cookie Policy at any time, including the option to incorporate new cookies, which the user will be informed of in the same way as at present.<\/p>\n\n\n\n<p>For any query you can contact the data controller listed in the Company&#039;s Privacy Policy included on its website.<\/p>","protected":false},"excerpt":{"rendered":"<p>MOLAMOLA DIVE en adelante La Empresa, es propietaria y responsable de la web WWW.MOLAMOLADIVE.ES&nbsp;, que utiliza cookies para diversas funcionalidades. Que son las cookies Las cookies son archivos que se env\u00edan a los soportes inform\u00e1ticos con los que se accede a una web y que permiten obtener informaci\u00f3n del usuario, sobre su identificaci\u00f3n, preferencias y [&hellip;]<\/p>\n","protected":false},"author":40,"featured_media":0,"parent":0,"menu_order":0,"comment_status":"closed","ping_status":"closed","template":"","meta":{"site-sidebar-layout":"default","site-content-layout":"","ast-site-content-layout":"default","site-content-style":"default","site-sidebar-style":"default","ast-global-header-display":"","ast-banner-title-visibility":"","ast-main-header-display":"","ast-hfb-above-header-display":"","ast-hfb-below-header-display":"","ast-hfb-mobile-header-display":"","site-post-title":"","ast-breadcrumbs-content":"","ast-featured-img":"","footer-sml-layout":"","ast-disable-related-posts":"","theme-transparent-header-meta":"","adv-header-id-meta":"","stick-header-meta":"","header-above-stick-meta":"","header-main-stick-meta":"","header-below-stick-meta":"","astra-migrate-meta-layouts":"default","ast-page-background-enabled":"default","ast-page-background-meta":{"desktop":{"background-color":"var(--ast-global-color-4)","background-image":"","background-repeat":"repeat","background-position":"center center","background-size":"auto","background-attachment":"scroll","background-type":"","background-media":"","overlay-type":"","overlay-color":"","overlay-opacity":"","overlay-gradient":""},"tablet":{"background-color":"","background-image":"","background-repeat":"repeat","background-position":"center center","background-size":"auto","background-attachment":"scroll","background-type":"","background-media":"","overlay-type":"","overlay-color":"","overlay-opacity":"","overlay-gradient":""},"mobile":{"background-color":"","background-image":"","background-repeat":"repeat","background-position":"center center","background-size":"auto","background-attachment":"scroll","background-type":"","background-media":"","overlay-type":"","overlay-color":"","overlay-opacity":"","overlay-gradient":""}},"ast-content-background-meta":{"desktop":{"background-color":"var(--ast-global-color-5)","background-image":"","background-repeat":"repeat","background-position":"center center","background-size":"auto","background-attachment":"scroll","background-type":"","background-media":"","overlay-type":"","overlay-color":"","overlay-opacity":"","overlay-gradient":""},"tablet":{"background-color":"var(--ast-global-color-5)","background-image":"","background-repeat":"repeat","background-position":"center center","background-size":"auto","background-attachment":"scroll","background-type":"","background-media":"","overlay-type":"","overlay-color":"","overlay-opacity":"","overlay-gradient":""},"mobile":{"background-color":"var(--ast-global-color-5)","background-image":"","background-repeat":"repeat","background-position":"center center","background-size":"auto","background-attachment":"scroll","background-type":"","background-media":"","overlay-type":"","overlay-color":"","overlay-opacity":"","overlay-gradient":""}},"footnotes":""},"class_list":["post-695","page","type-page","status-publish","hentry"],"yoast_head":"<!-- This site is optimized with the Yoast SEO plugin v27.6 - https:\/\/yoast.com\/product\/yoast-seo-wordpress\/ -->\n<title>Pol\u00edtica de Cookies<\/title>\n<meta name=\"robots\" content=\"noindex, follow\" \/>\n<meta property=\"og:locale\" content=\"en_GB\" \/>\n<meta property=\"og:type\" content=\"article\" \/>\n<meta property=\"og:title\" content=\"Pol\u00edtica de Cookies\" \/>\n<meta property=\"og:description\" content=\"MOLAMOLA DIVE en adelante La Empresa, es propietaria y responsable de la web WWW.MOLAMOLADIVE.ES&nbsp;, que utiliza cookies para diversas funcionalidades. Que son las cookies Las cookies son archivos que se env\u00edan a los soportes inform\u00e1ticos con los que se accede a una web y que permiten obtener informaci\u00f3n del usuario, sobre su identificaci\u00f3n, preferencias y [&hellip;]\" \/>\n<meta property=\"og:url\" content=\"https:\/\/molamoladive.es\/en\/politica-de-cookies\" \/>\n<meta property=\"og:site_name\" content=\"Mola Mola Dive\" \/>\n<meta property=\"article:modified_time\" content=\"2022-02-23T16:01:04+00:00\" \/>\n<meta name=\"twitter:card\" content=\"summary_large_image\" \/>\n<meta name=\"twitter:label1\" content=\"Estimated reading time\" \/>\n\t<meta name=\"twitter:data1\" content=\"3 minutes\" \/>\n<script type=\"application\/ld+json\" class=\"yoast-schema-graph\">{\"@context\":\"https:\\\/\\\/schema.org\",\"@graph\":[{\"@type\":\"WebPage\",\"@id\":\"https:\\\/\\\/molamoladive.es\\\/en\\\/politica-de-cookies\",\"url\":\"https:\\\/\\\/molamoladive.es\\\/en\\\/politica-de-cookies\",\"name\":\"Pol\u00edtica de Cookies\",\"isPartOf\":{\"@id\":\"https:\\\/\\\/molamoladive.es\\\/en\\\/#website\"},\"datePublished\":\"2021-07-14T20:15:41+00:00\",\"dateModified\":\"2022-02-23T16:01:04+00:00\",\"breadcrumb\":{\"@id\":\"https:\\\/\\\/molamoladive.es\\\/en\\\/politica-de-cookies#breadcrumb\"},\"inLanguage\":\"en-GB\",\"potentialAction\":[{\"@type\":\"ReadAction\",\"target\":[\"https:\\\/\\\/molamoladive.es\\\/en\\\/politica-de-cookies\"]}]},{\"@type\":\"BreadcrumbList\",\"@id\":\"https:\\\/\\\/molamoladive.es\\\/en\\\/politica-de-cookies#breadcrumb\",\"itemListElement\":[{\"@type\":\"ListItem\",\"position\":1,\"name\":\"Portada\",\"item\":\"https:\\\/\\\/molamoladive.es\\\/\"},{\"@type\":\"ListItem\",\"position\":2,\"name\":\"Pol\u00edtica de Cookies\"}]},{\"@type\":\"WebSite\",\"@id\":\"https:\\\/\\\/molamoladive.es\\\/en\\\/#website\",\"url\":\"https:\\\/\\\/molamoladive.es\\\/en\\\/\",\"name\":\"Mola Mola Dive\",\"description\":\"Centro de buceo especializado en viajes por el mundo\",\"publisher\":{\"@id\":\"https:\\\/\\\/molamoladive.es\\\/en\\\/#organization\"},\"potentialAction\":[{\"@type\":\"SearchAction\",\"target\":{\"@type\":\"EntryPoint\",\"urlTemplate\":\"https:\\\/\\\/molamoladive.es\\\/en\\\/?s={search_term_string}\"},\"query-input\":{\"@type\":\"PropertyValueSpecification\",\"valueRequired\":true,\"valueName\":\"search_term_string\"}}],\"inLanguage\":\"en-GB\"},{\"@type\":\"Organization\",\"@id\":\"https:\\\/\\\/molamoladive.es\\\/en\\\/#organization\",\"name\":\"Mola Mola Dive\",\"url\":\"https:\\\/\\\/molamoladive.es\\\/en\\\/\",\"logo\":{\"@type\":\"ImageObject\",\"inLanguage\":\"en-GB\",\"@id\":\"https:\\\/\\\/molamoladive.es\\\/en\\\/#\\\/schema\\\/logo\\\/image\\\/\",\"url\":\"https:\\\/\\\/molamoladive.es\\\/wp-content\\\/uploads\\\/2022\\\/01\\\/Logo-Mola-Mola-Sin-Fondo-PNG.png\",\"contentUrl\":\"https:\\\/\\\/molamoladive.es\\\/wp-content\\\/uploads\\\/2022\\\/01\\\/Logo-Mola-Mola-Sin-Fondo-PNG.png\",\"width\":188,\"height\":200,\"caption\":\"Mola Mola Dive\"},\"image\":{\"@id\":\"https:\\\/\\\/molamoladive.es\\\/en\\\/#\\\/schema\\\/logo\\\/image\\\/\"}}]}<\/script>\n<!-- \/ Yoast SEO plugin. -->","yoast_head_json":{"title":"Cookie Policy","robots":{"index":"noindex","follow":"follow"},"og_locale":"en_GB","og_type":"article","og_title":"Pol\u00edtica de Cookies","og_description":"MOLAMOLA DIVE en adelante La Empresa, es propietaria y responsable de la web WWW.MOLAMOLADIVE.ES&nbsp;, que utiliza cookies para diversas funcionalidades. Que son las cookies Las cookies son archivos que se env\u00edan a los soportes inform\u00e1ticos con los que se accede a una web y que permiten obtener informaci\u00f3n del usuario, sobre su identificaci\u00f3n, preferencias y [&hellip;]","og_url":"https:\/\/molamoladive.es\/en\/politica-de-cookies","og_site_name":"Mola Mola Dive","article_modified_time":"2022-02-23T16:01:04+00:00","twitter_card":"summary_large_image","twitter_misc":{"Estimated reading time":"3 minutes"},"schema":{"@context":"https:\/\/schema.org","@graph":[{"@type":"WebPage","@id":"https:\/\/molamoladive.es\/en\/politica-de-cookies","url":"https:\/\/molamoladive.es\/en\/politica-de-cookies","name":"Cookie Policy","isPartOf":{"@id":"https:\/\/molamoladive.es\/en\/#website"},"datePublished":"2021-07-14T20:15:41+00:00","dateModified":"2022-02-23T16:01:04+00:00","breadcrumb":{"@id":"https:\/\/molamoladive.es\/en\/politica-de-cookies#breadcrumb"},"inLanguage":"en-GB","potentialAction":[{"@type":"ReadAction","target":["https:\/\/molamoladive.es\/en\/politica-de-cookies"]}]},{"@type":"BreadcrumbList","@id":"https:\/\/molamoladive.es\/en\/politica-de-cookies#breadcrumb","itemListElement":[{"@type":"ListItem","position":1,"name":"Portada","item":"https:\/\/molamoladive.es\/"},{"@type":"ListItem","position":2,"name":"Pol\u00edtica de Cookies"}]},{"@type":"WebSite","@id":"https:\/\/molamoladive.es\/en\/#website","url":"https:\/\/molamoladive.es\/en\/","name":"Mola Mola Dive","description":"Diving center specializing in trips around the world","publisher":{"@id":"https:\/\/molamoladive.es\/en\/#organization"},"potentialAction":[{"@type":"SearchAction","target":{"@type":"EntryPoint","urlTemplate":"https:\/\/molamoladive.es\/en\/?s={search_term_string}"},"query-input":{"@type":"PropertyValueSpecification","valueRequired":true,"valueName":"search_term_string"}}],"inLanguage":"en-GB"},{"@type":"Organization","@id":"https:\/\/molamoladive.es\/en\/#organization","name":"Mola Mola Dive","url":"https:\/\/molamoladive.es\/en\/","logo":{"@type":"ImageObject","inLanguage":"en-GB","@id":"https:\/\/molamoladive.es\/en\/#\/schema\/logo\/image\/","url":"https:\/\/molamoladive.es\/wp-content\/uploads\/2022\/01\/Logo-Mola-Mola-Sin-Fondo-PNG.png","contentUrl":"https:\/\/molamoladive.es\/wp-content\/uploads\/2022\/01\/Logo-Mola-Mola-Sin-Fondo-PNG.png","width":188,"height":200,"caption":"Mola Mola Dive"},"image":{"@id":"https:\/\/molamoladive.es\/en\/#\/schema\/logo\/image\/"}}]}},"_links":{"self":[{"href":"https:\/\/molamoladive.es\/en\/wp-json\/wp\/v2\/pages\/695","targetHints":{"allow":["GET"]}}],"collection":[{"href":"https:\/\/molamoladive.es\/en\/wp-json\/wp\/v2\/pages"}],"about":[{"href":"https:\/\/molamoladive.es\/en\/wp-json\/wp\/v2\/types\/page"}],"author":[{"embeddable":true,"href":"https:\/\/molamoladive.es\/en\/wp-json\/wp\/v2\/users\/40"}],"replies":[{"embeddable":true,"href":"https:\/\/molamoladive.es\/en\/wp-json\/wp\/v2\/comments?post=695"}],"version-history":[{"count":2,"href":"https:\/\/molamoladive.es\/en\/wp-json\/wp\/v2\/pages\/695\/revisions"}],"predecessor-version":[{"id":2710,"href":"https:\/\/molamoladive.es\/en\/wp-json\/wp\/v2\/pages\/695\/revisions\/2710"}],"wp:attachment":[{"href":"https:\/\/molamoladive.es\/en\/wp-json\/wp\/v2\/media?parent=695"}],"curies":[{"name":"wp","href":"https:\/\/api.w.org\/{rel}","templated":true}]}}