{"id":1819,"date":"2022-01-15T17:28:50","date_gmt":"2022-01-15T16:28:50","guid":{"rendered":"https:\/\/molamoladive.es\/?post_type=product&#038;p=1819"},"modified":"2026-02-18T16:09:05","modified_gmt":"2026-02-18T15:09:05","slug":"advance-open-water","status":"publish","type":"product","link":"https:\/\/molamoladive.es\/en\/advance-open-water","title":{"rendered":"Advanced Open Water"},"content":{"rendered":"<p>PADI&#039;s most comprehensive scuba diving course. The Advanced Open Water certification will take your diving experience to the next level. With it, you&#039;ll become a more experienced diver, gaining greater autonomy and navigation skills underwater. You&#039;ll also be able to descend to 30 meters and acquire new skills such as recruiting, compass navigation, and night diving.<\/p>","protected":false},"excerpt":{"rendered":"<h2 id=\"block-a4c5b3a2-ce10-475a-8c8e-ca4a6fb3dae6\"><strong>What does it include?<\/strong><\/h2>\n<ul id=\"block-2f5dd89f-9d2c-4512-b0d5-0ee879392399\">\n<li>Educational materials kit<\/li>\n<li>Theoretical classes<\/li>\n<li>Practical classes in open water (compass orientation, underwater navigation, refloating, buoy use)<\/li>\n<li>Diving equipment and instruments<\/li>\n<li>AOW Certification<\/li>\n<\/ul>","protected":false},"featured_media":2063,"comment_status":"closed","ping_status":"closed","template":"","meta":{"site-sidebar-layout":"default","site-content-layout":"default","ast-site-content-layout":"default","site-content-style":"default","site-sidebar-style":"default","ast-global-header-display":"","ast-banner-title-visibility":"","ast-main-header-display":"","ast-hfb-above-header-display":"","ast-hfb-below-header-display":"","ast-hfb-mobile-header-display":"","site-post-title":"","ast-breadcrumbs-content":"","ast-featured-img":"","footer-sml-layout":"","ast-disable-related-posts":"","theme-transparent-header-meta":"default","adv-header-id-meta":"","stick-header-meta":"","header-above-stick-meta":"","header-main-stick-meta":"","header-below-stick-meta":"","astra-migrate-meta-layouts":"set","ast-page-background-enabled":"default","ast-page-background-meta":{"desktop":{"background-color":"var(--ast-global-color-4)","background-image":"","background-repeat":"repeat","background-position":"center center","background-size":"auto","background-attachment":"scroll","background-type":"","background-media":"","overlay-type":"","overlay-color":"","overlay-opacity":"","overlay-gradient":""},"tablet":{"background-color":"","background-image":"","background-repeat":"repeat","background-position":"center center","background-size":"auto","background-attachment":"scroll","background-type":"","background-media":"","overlay-type":"","overlay-color":"","overlay-opacity":"","overlay-gradient":""},"mobile":{"background-color":"","background-image":"","background-repeat":"repeat","background-position":"center center","background-size":"auto","background-attachment":"scroll","background-type":"","background-media":"","overlay-type":"","overlay-color":"","overlay-opacity":"","overlay-gradient":""}},"ast-content-background-meta":{"desktop":{"background-color":"var(--ast-global-color-5)","background-image":"","background-repeat":"repeat","background-position":"center center","background-size":"auto","background-attachment":"scroll","background-type":"","background-media":"","overlay-type":"","overlay-color":"","overlay-opacity":"","overlay-gradient":""},"tablet":{"background-color":"var(--ast-global-color-5)","background-image":"","background-repeat":"repeat","background-position":"center center","background-size":"auto","background-attachment":"scroll","background-type":"","background-media":"","overlay-type":"","overlay-color":"","overlay-opacity":"","overlay-gradient":""},"mobile":{"background-color":"var(--ast-global-color-5)","background-image":"","background-repeat":"repeat","background-position":"center center","background-size":"auto","background-attachment":"scroll","background-type":"","background-media":"","overlay-type":"","overlay-color":"","overlay-opacity":"","overlay-gradient":""}}},"product_brand":[],"product_cat":[49],"product_tag":[],"class_list":{"0":"post-1819","1":"product","2":"type-product","3":"status-publish","4":"has-post-thumbnail","6":"product_cat-cursos","7":"desktop-align-left","8":"tablet-align-left","9":"mobile-align-left","11":"first","12":"instock","13":"taxable","14":"shipping-taxable","15":"purchasable","16":"product-type-variable"},"yoast_head":"<!-- This site is optimized with the Yoast SEO plugin v27.5 - https:\/\/yoast.com\/product\/yoast-seo-wordpress\/ -->\n<title>Advanced Open Water Diver | Mola Mola Dive<\/title>\n<meta name=\"description\" content=\"Curso Advanced Open Water Diver en M\u00e1laga. El curso de buceo m\u00e1s completo de PADI. Te permitir\u00e1 disfrutar del buceo a otro nivel \u27a1\ufe0f.\" \/>\n<meta name=\"robots\" content=\"index, follow, max-snippet:-1, max-image-preview:large, max-video-preview:-1\" \/>\n<link rel=\"canonical\" href=\"https:\/\/molamoladive.es\/en\/advance-open-water\" \/>\n<meta property=\"og:locale\" content=\"en_GB\" \/>\n<meta property=\"og:type\" content=\"article\" \/>\n<meta property=\"og:title\" content=\"Advanced Open Water Diver | Mola Mola Dive\" \/>\n<meta property=\"og:description\" content=\"Curso Advanced Open Water Diver en M\u00e1laga. El curso de buceo m\u00e1s completo de PADI. Te permitir\u00e1 disfrutar del buceo a otro nivel \u27a1\ufe0f.\" \/>\n<meta property=\"og:url\" content=\"https:\/\/molamoladive.es\/en\/advance-open-water\" \/>\n<meta property=\"og:site_name\" content=\"Mola Mola Dive\" \/>\n<meta property=\"article:modified_time\" content=\"2026-02-18T15:09:05+00:00\" \/>\n<meta property=\"og:image\" content=\"https:\/\/molamoladive.es\/wp-content\/uploads\/2022\/01\/curso-advance.jpg\" \/>\n\t<meta property=\"og:image:width\" content=\"800\" \/>\n\t<meta property=\"og:image:height\" content=\"600\" \/>\n\t<meta property=\"og:image:type\" content=\"image\/jpeg\" \/>\n<meta name=\"twitter:card\" content=\"summary_large_image\" \/>\n<meta name=\"twitter:label1\" content=\"Estimated reading time\" \/>\n\t<meta name=\"twitter:data1\" content=\"1 minute\" \/>\n<script type=\"application\/ld+json\" class=\"yoast-schema-graph\">{\"@context\":\"https:\\\/\\\/schema.org\",\"@graph\":[{\"@type\":\"WebPage\",\"@id\":\"https:\\\/\\\/molamoladive.es\\\/en\\\/advance-open-water\",\"url\":\"https:\\\/\\\/molamoladive.es\\\/en\\\/advance-open-water\",\"name\":\"Advanced Open Water Diver | Mola Mola Dive\",\"isPartOf\":{\"@id\":\"https:\\\/\\\/molamoladive.es\\\/en\\\/#website\"},\"primaryImageOfPage\":{\"@id\":\"https:\\\/\\\/molamoladive.es\\\/en\\\/advance-open-water#primaryimage\"},\"image\":{\"@id\":\"https:\\\/\\\/molamoladive.es\\\/en\\\/advance-open-water#primaryimage\"},\"thumbnailUrl\":\"https:\\\/\\\/molamoladive.es\\\/wp-content\\\/uploads\\\/2022\\\/01\\\/curso-advance.jpg\",\"datePublished\":\"2022-01-15T16:28:50+00:00\",\"dateModified\":\"2026-02-18T15:09:05+00:00\",\"description\":\"Curso Advanced Open Water Diver en M\u00e1laga. El curso de buceo m\u00e1s completo de PADI. Te permitir\u00e1 disfrutar del buceo a otro nivel \u27a1\ufe0f.\",\"breadcrumb\":{\"@id\":\"https:\\\/\\\/molamoladive.es\\\/en\\\/advance-open-water#breadcrumb\"},\"inLanguage\":\"en-GB\",\"potentialAction\":[{\"@type\":\"ReadAction\",\"target\":[\"https:\\\/\\\/molamoladive.es\\\/en\\\/advance-open-water\"]}]},{\"@type\":\"ImageObject\",\"inLanguage\":\"en-GB\",\"@id\":\"https:\\\/\\\/molamoladive.es\\\/en\\\/advance-open-water#primaryimage\",\"url\":\"https:\\\/\\\/molamoladive.es\\\/wp-content\\\/uploads\\\/2022\\\/01\\\/curso-advance.jpg\",\"contentUrl\":\"https:\\\/\\\/molamoladive.es\\\/wp-content\\\/uploads\\\/2022\\\/01\\\/curso-advance.jpg\",\"width\":800,\"height\":600,\"caption\":\"curso advance\"},{\"@type\":\"BreadcrumbList\",\"@id\":\"https:\\\/\\\/molamoladive.es\\\/en\\\/advance-open-water#breadcrumb\",\"itemListElement\":[{\"@type\":\"ListItem\",\"position\":1,\"name\":\"Portada\",\"item\":\"https:\\\/\\\/molamoladive.es\\\/\"},{\"@type\":\"ListItem\",\"position\":2,\"name\":\"Tienda\",\"item\":\"https:\\\/\\\/molamoladive.es\\\/tienda\"},{\"@type\":\"ListItem\",\"position\":3,\"name\":\"Advanced Open Water\"}]},{\"@type\":\"WebSite\",\"@id\":\"https:\\\/\\\/molamoladive.es\\\/en\\\/#website\",\"url\":\"https:\\\/\\\/molamoladive.es\\\/en\\\/\",\"name\":\"Mola Mola Dive\",\"description\":\"Centro de buceo especializado en viajes por el mundo\",\"publisher\":{\"@id\":\"https:\\\/\\\/molamoladive.es\\\/en\\\/#organization\"},\"potentialAction\":[{\"@type\":\"SearchAction\",\"target\":{\"@type\":\"EntryPoint\",\"urlTemplate\":\"https:\\\/\\\/molamoladive.es\\\/en\\\/?s={search_term_string}\"},\"query-input\":{\"@type\":\"PropertyValueSpecification\",\"valueRequired\":true,\"valueName\":\"search_term_string\"}}],\"inLanguage\":\"en-GB\"},{\"@type\":\"Organization\",\"@id\":\"https:\\\/\\\/molamoladive.es\\\/en\\\/#organization\",\"name\":\"Mola Mola Dive\",\"url\":\"https:\\\/\\\/molamoladive.es\\\/en\\\/\",\"logo\":{\"@type\":\"ImageObject\",\"inLanguage\":\"en-GB\",\"@id\":\"https:\\\/\\\/molamoladive.es\\\/en\\\/#\\\/schema\\\/logo\\\/image\\\/\",\"url\":\"https:\\\/\\\/molamoladive.es\\\/wp-content\\\/uploads\\\/2022\\\/01\\\/Logo-Mola-Mola-Sin-Fondo-PNG.png\",\"contentUrl\":\"https:\\\/\\\/molamoladive.es\\\/wp-content\\\/uploads\\\/2022\\\/01\\\/Logo-Mola-Mola-Sin-Fondo-PNG.png\",\"width\":188,\"height\":200,\"caption\":\"Mola Mola Dive\"},\"image\":{\"@id\":\"https:\\\/\\\/molamoladive.es\\\/en\\\/#\\\/schema\\\/logo\\\/image\\\/\"}}]}<\/script>\n<!-- \/ Yoast SEO plugin. -->","yoast_head_json":{"title":"Advanced Open Water Diver | Mola Mola Dive","description":"Advanced Open Water Diver course in Malaga. PADI&#039;s most comprehensive diving course. It will allow you to enjoy diving at another level \u27a1\ufe0f.","robots":{"index":"index","follow":"follow","max-snippet":"max-snippet:-1","max-image-preview":"max-image-preview:large","max-video-preview":"max-video-preview:-1"},"canonical":"https:\/\/molamoladive.es\/en\/advance-open-water","og_locale":"en_GB","og_type":"article","og_title":"Advanced Open Water Diver | Mola Mola Dive","og_description":"Curso Advanced Open Water Diver en M\u00e1laga. El curso de buceo m\u00e1s completo de PADI. Te permitir\u00e1 disfrutar del buceo a otro nivel \u27a1\ufe0f.","og_url":"https:\/\/molamoladive.es\/en\/advance-open-water","og_site_name":"Mola Mola Dive","article_modified_time":"2026-02-18T15:09:05+00:00","og_image":[{"width":800,"height":600,"url":"https:\/\/molamoladive.es\/wp-content\/uploads\/2022\/01\/curso-advance.jpg","type":"image\/jpeg"}],"twitter_card":"summary_large_image","twitter_misc":{"Estimated reading time":"1 minute"},"schema":{"@context":"https:\/\/schema.org","@graph":[{"@type":"WebPage","@id":"https:\/\/molamoladive.es\/en\/advance-open-water","url":"https:\/\/molamoladive.es\/en\/advance-open-water","name":"Advanced Open Water Diver | Mola Mola Dive","isPartOf":{"@id":"https:\/\/molamoladive.es\/en\/#website"},"primaryImageOfPage":{"@id":"https:\/\/molamoladive.es\/en\/advance-open-water#primaryimage"},"image":{"@id":"https:\/\/molamoladive.es\/en\/advance-open-water#primaryimage"},"thumbnailUrl":"https:\/\/molamoladive.es\/wp-content\/uploads\/2022\/01\/curso-advance.jpg","datePublished":"2022-01-15T16:28:50+00:00","dateModified":"2026-02-18T15:09:05+00:00","description":"Advanced Open Water Diver course in Malaga. PADI&#039;s most comprehensive diving course. It will allow you to enjoy diving at another level \u27a1\ufe0f.","breadcrumb":{"@id":"https:\/\/molamoladive.es\/en\/advance-open-water#breadcrumb"},"inLanguage":"en-GB","potentialAction":[{"@type":"ReadAction","target":["https:\/\/molamoladive.es\/en\/advance-open-water"]}]},{"@type":"ImageObject","inLanguage":"en-GB","@id":"https:\/\/molamoladive.es\/en\/advance-open-water#primaryimage","url":"https:\/\/molamoladive.es\/wp-content\/uploads\/2022\/01\/curso-advance.jpg","contentUrl":"https:\/\/molamoladive.es\/wp-content\/uploads\/2022\/01\/curso-advance.jpg","width":800,"height":600,"caption":"curso advance"},{"@type":"BreadcrumbList","@id":"https:\/\/molamoladive.es\/en\/advance-open-water#breadcrumb","itemListElement":[{"@type":"ListItem","position":1,"name":"Portada","item":"https:\/\/molamoladive.es\/"},{"@type":"ListItem","position":2,"name":"Tienda","item":"https:\/\/molamoladive.es\/tienda"},{"@type":"ListItem","position":3,"name":"Advanced Open Water"}]},{"@type":"WebSite","@id":"https:\/\/molamoladive.es\/en\/#website","url":"https:\/\/molamoladive.es\/en\/","name":"Mola Mola Dive","description":"Diving center specializing in trips around the world","publisher":{"@id":"https:\/\/molamoladive.es\/en\/#organization"},"potentialAction":[{"@type":"SearchAction","target":{"@type":"EntryPoint","urlTemplate":"https:\/\/molamoladive.es\/en\/?s={search_term_string}"},"query-input":{"@type":"PropertyValueSpecification","valueRequired":true,"valueName":"search_term_string"}}],"inLanguage":"en-GB"},{"@type":"Organization","@id":"https:\/\/molamoladive.es\/en\/#organization","name":"Mola Mola Dive","url":"https:\/\/molamoladive.es\/en\/","logo":{"@type":"ImageObject","inLanguage":"en-GB","@id":"https:\/\/molamoladive.es\/en\/#\/schema\/logo\/image\/","url":"https:\/\/molamoladive.es\/wp-content\/uploads\/2022\/01\/Logo-Mola-Mola-Sin-Fondo-PNG.png","contentUrl":"https:\/\/molamoladive.es\/wp-content\/uploads\/2022\/01\/Logo-Mola-Mola-Sin-Fondo-PNG.png","width":188,"height":200,"caption":"Mola Mola Dive"},"image":{"@id":"https:\/\/molamoladive.es\/en\/#\/schema\/logo\/image\/"}}]}},"_links":{"self":[{"href":"https:\/\/molamoladive.es\/en\/wp-json\/wp\/v2\/product\/1819","targetHints":{"allow":["GET"]}}],"collection":[{"href":"https:\/\/molamoladive.es\/en\/wp-json\/wp\/v2\/product"}],"about":[{"href":"https:\/\/molamoladive.es\/en\/wp-json\/wp\/v2\/types\/product"}],"replies":[{"embeddable":true,"href":"https:\/\/molamoladive.es\/en\/wp-json\/wp\/v2\/comments?post=1819"}],"wp:featuredmedia":[{"embeddable":true,"href":"https:\/\/molamoladive.es\/en\/wp-json\/wp\/v2\/media\/2063"}],"wp:attachment":[{"href":"https:\/\/molamoladive.es\/en\/wp-json\/wp\/v2\/media?parent=1819"}],"wp:term":[{"taxonomy":"product_brand","embeddable":true,"href":"https:\/\/molamoladive.es\/en\/wp-json\/wp\/v2\/product_brand?post=1819"},{"taxonomy":"product_cat","embeddable":true,"href":"https:\/\/molamoladive.es\/en\/wp-json\/wp\/v2\/product_cat?post=1819"},{"taxonomy":"product_tag","embeddable":true,"href":"https:\/\/molamoladive.es\/en\/wp-json\/wp\/v2\/product_tag?post=1819"}],"curies":[{"name":"wp","href":"https:\/\/api.w.org\/{rel}","templated":true}]}}