{"id":1827,"date":"2022-01-16T18:17:20","date_gmt":"2022-01-16T17:17:20","guid":{"rendered":"https:\/\/molamoladive.es\/?post_type=product&#038;p=1827"},"modified":"2025-01-28T20:56:38","modified_gmt":"2025-01-28T19:56:38","slug":"bautismo-de-buceo","status":"publish","type":"product","link":"https:\/\/molamoladive.es\/en\/bautismo-de-buceo","title":{"rendered":"Diving Baptism"},"content":{"rendered":"<p>Do you want to know what it feels like to breathe underwater? Do you want to experience a sensation similar to flying?<\/p>\n<p>If you finally want to clear up your doubts and discover the incredible underwater world, it&#039;s time to make your own reservation.\u00a0<strong><em>scuba diving baptism<\/em><\/strong>. It&#039;s an experience you can be sure you won&#039;t regret.<\/p>\n<p>Through a scuba diving baptism, you can have your first experience with the fascinating world of diving. If you enjoy it, you can continue your training as a diver through the various certified courses we offer.<\/p>","protected":false},"excerpt":{"rendered":"<p>This incredible experience includes\u00a0<strong><em>a first theoretical explanation<\/em><\/strong>\u00a0about basic diving concepts and a dive in the sea of about 45 minutes to start discovering the wonderful seabed.<\/p>\n<p>It&#039;s included in your introductory scuba diving experience:<\/p>\n<p>\u2013 Diving insurance<br \/>\n\u2013 Diving equipment<br \/>\n\u2013 Transfer from our center to the dive site (optional)<\/p>\n<p>Once you&#039;ve discovered the fascinating world of diving, you&#039;ll surely want to continue learning and training as a diver. In that case, you can start with the course in\u00a0<a href=\"https:\/\/molamoladive.es\/en\/open-water-diver\/\">Open Water Diver<\/a>.<\/p>","protected":false},"featured_media":2066,"comment_status":"closed","ping_status":"closed","template":"","meta":{"site-sidebar-layout":"default","site-content-layout":"default","ast-site-content-layout":"default","site-content-style":"default","site-sidebar-style":"default","ast-global-header-display":"","ast-banner-title-visibility":"","ast-main-header-display":"","ast-hfb-above-header-display":"","ast-hfb-below-header-display":"","ast-hfb-mobile-header-display":"","site-post-title":"","ast-breadcrumbs-content":"","ast-featured-img":"","footer-sml-layout":"","ast-disable-related-posts":"","theme-transparent-header-meta":"default","adv-header-id-meta":"","stick-header-meta":"","header-above-stick-meta":"","header-main-stick-meta":"","header-below-stick-meta":"","astra-migrate-meta-layouts":"set","ast-page-background-enabled":"default","ast-page-background-meta":{"desktop":{"background-color":"var(--ast-global-color-4)","background-image":"","background-repeat":"repeat","background-position":"center center","background-size":"auto","background-attachment":"scroll","background-type":"","background-media":"","overlay-type":"","overlay-color":"","overlay-opacity":"","overlay-gradient":""},"tablet":{"background-color":"","background-image":"","background-repeat":"repeat","background-position":"center center","background-size":"auto","background-attachment":"scroll","background-type":"","background-media":"","overlay-type":"","overlay-color":"","overlay-opacity":"","overlay-gradient":""},"mobile":{"background-color":"","background-image":"","background-repeat":"repeat","background-position":"center center","background-size":"auto","background-attachment":"scroll","background-type":"","background-media":"","overlay-type":"","overlay-color":"","overlay-opacity":"","overlay-gradient":""}},"ast-content-background-meta":{"desktop":{"background-color":"var(--ast-global-color-5)","background-image":"","background-repeat":"repeat","background-position":"center center","background-size":"auto","background-attachment":"scroll","background-type":"","background-media":"","overlay-type":"","overlay-color":"","overlay-opacity":"","overlay-gradient":""},"tablet":{"background-color":"var(--ast-global-color-5)","background-image":"","background-repeat":"repeat","background-position":"center center","background-size":"auto","background-attachment":"scroll","background-type":"","background-media":"","overlay-type":"","overlay-color":"","overlay-opacity":"","overlay-gradient":""},"mobile":{"background-color":"var(--ast-global-color-5)","background-image":"","background-repeat":"repeat","background-position":"center center","background-size":"auto","background-attachment":"scroll","background-type":"","background-media":"","overlay-type":"","overlay-color":"","overlay-opacity":"","overlay-gradient":""}}},"product_brand":[],"product_cat":[51],"product_tag":[],"class_list":{"0":"post-1827","1":"product","2":"type-product","3":"status-publish","4":"has-post-thumbnail","6":"product_cat-iniciacion","7":"desktop-align-left","8":"tablet-align-left","9":"mobile-align-left","11":"first","12":"instock","13":"downloadable","14":"virtual","15":"taxable","16":"purchasable","17":"product-type-simple"},"yoast_head":"<!-- This site is optimized with the Yoast SEO plugin v27.5 - https:\/\/yoast.com\/product\/yoast-seo-wordpress\/ -->\n<title>Bautismo de Buceo en M\u00e1laga | Mola Mola Dive<\/title>\n<meta name=\"description\" content=\"Bautismo de Buceo en M\u00e1laga. Si quieres conocer el incre\u00edble mundo submarino, es hora de probarlo. Seguro que no te arrepentir\u00e1s \u27a1\ufe0f.\" \/>\n<meta name=\"robots\" content=\"index, follow, max-snippet:-1, max-image-preview:large, max-video-preview:-1\" \/>\n<link rel=\"canonical\" href=\"https:\/\/molamoladive.es\/en\/bautismo-de-buceo\" \/>\n<meta property=\"og:locale\" content=\"en_GB\" \/>\n<meta property=\"og:type\" content=\"article\" \/>\n<meta property=\"og:title\" content=\"Bautismo de Buceo en M\u00e1laga | Mola Mola Dive\" \/>\n<meta property=\"og:description\" content=\"Bautismo de Buceo en M\u00e1laga. Si quieres conocer el incre\u00edble mundo submarino, es hora de probarlo. Seguro que no te arrepentir\u00e1s \u27a1\ufe0f.\" \/>\n<meta property=\"og:url\" content=\"https:\/\/molamoladive.es\/en\/bautismo-de-buceo\" \/>\n<meta property=\"og:site_name\" content=\"Mola Mola Dive\" \/>\n<meta property=\"article:modified_time\" content=\"2025-01-28T19:56:38+00:00\" \/>\n<meta property=\"og:image\" content=\"https:\/\/molamoladive.es\/wp-content\/uploads\/2022\/01\/bautismo-de-buceo-iniciacion.jpg\" \/>\n\t<meta property=\"og:image:width\" content=\"800\" \/>\n\t<meta property=\"og:image:height\" content=\"600\" \/>\n\t<meta property=\"og:image:type\" content=\"image\/jpeg\" \/>\n<meta name=\"twitter:card\" content=\"summary_large_image\" \/>\n<meta name=\"twitter:label1\" content=\"Estimated reading time\" \/>\n\t<meta name=\"twitter:data1\" content=\"1 minute\" \/>\n<script type=\"application\/ld+json\" class=\"yoast-schema-graph\">{\"@context\":\"https:\\\/\\\/schema.org\",\"@graph\":[{\"@type\":\"WebPage\",\"@id\":\"https:\\\/\\\/molamoladive.es\\\/en\\\/bautismo-de-buceo\",\"url\":\"https:\\\/\\\/molamoladive.es\\\/en\\\/bautismo-de-buceo\",\"name\":\"Bautismo de Buceo en M\u00e1laga | Mola Mola Dive\",\"isPartOf\":{\"@id\":\"https:\\\/\\\/molamoladive.es\\\/en\\\/#website\"},\"primaryImageOfPage\":{\"@id\":\"https:\\\/\\\/molamoladive.es\\\/en\\\/bautismo-de-buceo#primaryimage\"},\"image\":{\"@id\":\"https:\\\/\\\/molamoladive.es\\\/en\\\/bautismo-de-buceo#primaryimage\"},\"thumbnailUrl\":\"https:\\\/\\\/molamoladive.es\\\/wp-content\\\/uploads\\\/2022\\\/01\\\/bautismo-de-buceo-iniciacion.jpg\",\"datePublished\":\"2022-01-16T17:17:20+00:00\",\"dateModified\":\"2025-01-28T19:56:38+00:00\",\"description\":\"Bautismo de Buceo en M\u00e1laga. Si quieres conocer el incre\u00edble mundo submarino, es hora de probarlo. Seguro que no te arrepentir\u00e1s \u27a1\ufe0f.\",\"breadcrumb\":{\"@id\":\"https:\\\/\\\/molamoladive.es\\\/en\\\/bautismo-de-buceo#breadcrumb\"},\"inLanguage\":\"en-GB\",\"potentialAction\":[{\"@type\":\"ReadAction\",\"target\":[\"https:\\\/\\\/molamoladive.es\\\/en\\\/bautismo-de-buceo\"]}]},{\"@type\":\"ImageObject\",\"inLanguage\":\"en-GB\",\"@id\":\"https:\\\/\\\/molamoladive.es\\\/en\\\/bautismo-de-buceo#primaryimage\",\"url\":\"https:\\\/\\\/molamoladive.es\\\/wp-content\\\/uploads\\\/2022\\\/01\\\/bautismo-de-buceo-iniciacion.jpg\",\"contentUrl\":\"https:\\\/\\\/molamoladive.es\\\/wp-content\\\/uploads\\\/2022\\\/01\\\/bautismo-de-buceo-iniciacion.jpg\",\"width\":800,\"height\":600,\"caption\":\"bautismo de buceo iniciacion\"},{\"@type\":\"BreadcrumbList\",\"@id\":\"https:\\\/\\\/molamoladive.es\\\/en\\\/bautismo-de-buceo#breadcrumb\",\"itemListElement\":[{\"@type\":\"ListItem\",\"position\":1,\"name\":\"Portada\",\"item\":\"https:\\\/\\\/molamoladive.es\\\/\"},{\"@type\":\"ListItem\",\"position\":2,\"name\":\"Tienda\",\"item\":\"https:\\\/\\\/molamoladive.es\\\/tienda\"},{\"@type\":\"ListItem\",\"position\":3,\"name\":\"Bautismo de Buceo\"}]},{\"@type\":\"WebSite\",\"@id\":\"https:\\\/\\\/molamoladive.es\\\/en\\\/#website\",\"url\":\"https:\\\/\\\/molamoladive.es\\\/en\\\/\",\"name\":\"Mola Mola Dive\",\"description\":\"Centro de buceo especializado en viajes por el mundo\",\"publisher\":{\"@id\":\"https:\\\/\\\/molamoladive.es\\\/en\\\/#organization\"},\"potentialAction\":[{\"@type\":\"SearchAction\",\"target\":{\"@type\":\"EntryPoint\",\"urlTemplate\":\"https:\\\/\\\/molamoladive.es\\\/en\\\/?s={search_term_string}\"},\"query-input\":{\"@type\":\"PropertyValueSpecification\",\"valueRequired\":true,\"valueName\":\"search_term_string\"}}],\"inLanguage\":\"en-GB\"},{\"@type\":\"Organization\",\"@id\":\"https:\\\/\\\/molamoladive.es\\\/en\\\/#organization\",\"name\":\"Mola Mola Dive\",\"url\":\"https:\\\/\\\/molamoladive.es\\\/en\\\/\",\"logo\":{\"@type\":\"ImageObject\",\"inLanguage\":\"en-GB\",\"@id\":\"https:\\\/\\\/molamoladive.es\\\/en\\\/#\\\/schema\\\/logo\\\/image\\\/\",\"url\":\"https:\\\/\\\/molamoladive.es\\\/wp-content\\\/uploads\\\/2022\\\/01\\\/Logo-Mola-Mola-Sin-Fondo-PNG.png\",\"contentUrl\":\"https:\\\/\\\/molamoladive.es\\\/wp-content\\\/uploads\\\/2022\\\/01\\\/Logo-Mola-Mola-Sin-Fondo-PNG.png\",\"width\":188,\"height\":200,\"caption\":\"Mola Mola Dive\"},\"image\":{\"@id\":\"https:\\\/\\\/molamoladive.es\\\/en\\\/#\\\/schema\\\/logo\\\/image\\\/\"}}]}<\/script>\n<!-- \/ Yoast SEO plugin. -->","yoast_head_json":{"title":"Bautismo de Buceo en M\u00e1laga | Mola Mola Dive","description":"Bautismo de Buceo en M\u00e1laga. Si quieres conocer el incre\u00edble mundo submarino, es hora de probarlo. Seguro que no te arrepentir\u00e1s \u27a1\ufe0f.","robots":{"index":"index","follow":"follow","max-snippet":"max-snippet:-1","max-image-preview":"max-image-preview:large","max-video-preview":"max-video-preview:-1"},"canonical":"https:\/\/molamoladive.es\/en\/bautismo-de-buceo","og_locale":"en_GB","og_type":"article","og_title":"Bautismo de Buceo en M\u00e1laga | Mola Mola Dive","og_description":"Bautismo de Buceo en M\u00e1laga. Si quieres conocer el incre\u00edble mundo submarino, es hora de probarlo. Seguro que no te arrepentir\u00e1s \u27a1\ufe0f.","og_url":"https:\/\/molamoladive.es\/en\/bautismo-de-buceo","og_site_name":"Mola Mola Dive","article_modified_time":"2025-01-28T19:56:38+00:00","og_image":[{"width":800,"height":600,"url":"https:\/\/molamoladive.es\/wp-content\/uploads\/2022\/01\/bautismo-de-buceo-iniciacion.jpg","type":"image\/jpeg"}],"twitter_card":"summary_large_image","twitter_misc":{"Estimated reading time":"1 minute"},"schema":{"@context":"https:\/\/schema.org","@graph":[{"@type":"WebPage","@id":"https:\/\/molamoladive.es\/en\/bautismo-de-buceo","url":"https:\/\/molamoladive.es\/en\/bautismo-de-buceo","name":"Bautismo de Buceo en M\u00e1laga | Mola Mola Dive","isPartOf":{"@id":"https:\/\/molamoladive.es\/en\/#website"},"primaryImageOfPage":{"@id":"https:\/\/molamoladive.es\/en\/bautismo-de-buceo#primaryimage"},"image":{"@id":"https:\/\/molamoladive.es\/en\/bautismo-de-buceo#primaryimage"},"thumbnailUrl":"https:\/\/molamoladive.es\/wp-content\/uploads\/2022\/01\/bautismo-de-buceo-iniciacion.jpg","datePublished":"2022-01-16T17:17:20+00:00","dateModified":"2025-01-28T19:56:38+00:00","description":"Bautismo de Buceo en M\u00e1laga. Si quieres conocer el incre\u00edble mundo submarino, es hora de probarlo. Seguro que no te arrepentir\u00e1s \u27a1\ufe0f.","breadcrumb":{"@id":"https:\/\/molamoladive.es\/en\/bautismo-de-buceo#breadcrumb"},"inLanguage":"en-GB","potentialAction":[{"@type":"ReadAction","target":["https:\/\/molamoladive.es\/en\/bautismo-de-buceo"]}]},{"@type":"ImageObject","inLanguage":"en-GB","@id":"https:\/\/molamoladive.es\/en\/bautismo-de-buceo#primaryimage","url":"https:\/\/molamoladive.es\/wp-content\/uploads\/2022\/01\/bautismo-de-buceo-iniciacion.jpg","contentUrl":"https:\/\/molamoladive.es\/wp-content\/uploads\/2022\/01\/bautismo-de-buceo-iniciacion.jpg","width":800,"height":600,"caption":"bautismo de buceo iniciacion"},{"@type":"BreadcrumbList","@id":"https:\/\/molamoladive.es\/en\/bautismo-de-buceo#breadcrumb","itemListElement":[{"@type":"ListItem","position":1,"name":"Portada","item":"https:\/\/molamoladive.es\/"},{"@type":"ListItem","position":2,"name":"Tienda","item":"https:\/\/molamoladive.es\/tienda"},{"@type":"ListItem","position":3,"name":"Bautismo de Buceo"}]},{"@type":"WebSite","@id":"https:\/\/molamoladive.es\/en\/#website","url":"https:\/\/molamoladive.es\/en\/","name":"Mola Mola Dive","description":"Diving center specializing in trips around the world","publisher":{"@id":"https:\/\/molamoladive.es\/en\/#organization"},"potentialAction":[{"@type":"SearchAction","target":{"@type":"EntryPoint","urlTemplate":"https:\/\/molamoladive.es\/en\/?s={search_term_string}"},"query-input":{"@type":"PropertyValueSpecification","valueRequired":true,"valueName":"search_term_string"}}],"inLanguage":"en-GB"},{"@type":"Organization","@id":"https:\/\/molamoladive.es\/en\/#organization","name":"Mola Mola Dive","url":"https:\/\/molamoladive.es\/en\/","logo":{"@type":"ImageObject","inLanguage":"en-GB","@id":"https:\/\/molamoladive.es\/en\/#\/schema\/logo\/image\/","url":"https:\/\/molamoladive.es\/wp-content\/uploads\/2022\/01\/Logo-Mola-Mola-Sin-Fondo-PNG.png","contentUrl":"https:\/\/molamoladive.es\/wp-content\/uploads\/2022\/01\/Logo-Mola-Mola-Sin-Fondo-PNG.png","width":188,"height":200,"caption":"Mola Mola Dive"},"image":{"@id":"https:\/\/molamoladive.es\/en\/#\/schema\/logo\/image\/"}}]}},"_links":{"self":[{"href":"https:\/\/molamoladive.es\/en\/wp-json\/wp\/v2\/product\/1827","targetHints":{"allow":["GET"]}}],"collection":[{"href":"https:\/\/molamoladive.es\/en\/wp-json\/wp\/v2\/product"}],"about":[{"href":"https:\/\/molamoladive.es\/en\/wp-json\/wp\/v2\/types\/product"}],"replies":[{"embeddable":true,"href":"https:\/\/molamoladive.es\/en\/wp-json\/wp\/v2\/comments?post=1827"}],"wp:featuredmedia":[{"embeddable":true,"href":"https:\/\/molamoladive.es\/en\/wp-json\/wp\/v2\/media\/2066"}],"wp:attachment":[{"href":"https:\/\/molamoladive.es\/en\/wp-json\/wp\/v2\/media?parent=1827"}],"wp:term":[{"taxonomy":"product_brand","embeddable":true,"href":"https:\/\/molamoladive.es\/en\/wp-json\/wp\/v2\/product_brand?post=1827"},{"taxonomy":"product_cat","embeddable":true,"href":"https:\/\/molamoladive.es\/en\/wp-json\/wp\/v2\/product_cat?post=1827"},{"taxonomy":"product_tag","embeddable":true,"href":"https:\/\/molamoladive.es\/en\/wp-json\/wp\/v2\/product_tag?post=1827"}],"curies":[{"name":"wp","href":"https:\/\/api.w.org\/{rel}","templated":true}]}}