{"id":3926,"date":"2025-10-22T17:10:25","date_gmt":"2025-10-22T15:10:25","guid":{"rendered":"https:\/\/molamoladive.es\/?post_type=product&#038;p=3926"},"modified":"2026-01-30T11:40:33","modified_gmt":"2026-01-30T10:40:33","slug":"aletas-cressi-origin","status":"publish","type":"product","link":"https:\/\/molamoladive.es\/en\/producto\/aletas-cressi-origin","title":{"rendered":"Cressi Origin Fins"},"content":{"rendered":"<p>The Cressi Origin fins are a new generation inspired by the iconic Rondine Commando model, redesigned with cutting-edge materials to offer maximum performance and reliability. Made from a single piece of high-strength technopolymer, their monomaterial structure eliminates weak points and ensures direct energy transfer from the foot to the blade.<\/p>\n<p>The design with a foot pocket under the blade\u2014at an optimized 15\u00b0 angle\u2014improves finning efficiency and reduces fatigue, while side vents channel water flow for a powerful, stable, and precise thrust. AISI 316 stainless steel spring straps with angled buckles ensure a comfortable and durable fit, even in demanding conditions.<\/p>\n<p>Available in two versions:<\/p>\n<p>Origin LD (Light Density): Made from medium-density material (shore 60), with virtually neutral or slightly positive buoyancy (+10g in saltwater, size M\/L). Ideal for recreational diving, travel, and long trips, with excellent responsiveness and comfort.<br \/>\nOrigin HD (High Density): stiffer material (shore 80) and slightly negative (-165 g in salt water, size M\/L), designed for more powerful thrust in technical diving or with heavy equipment.<\/p>\n<p>Both versions feature a short blade (approximately 60.5 cm long and 24.5 cm wide) that provides excellent maneuverability in confined spaces and control during frog kicks or precision turns. Furthermore, their resistance to abrasion and fracture makes them ideal for demanding environments such as rocky bottoms or professional operations.<\/p>\n<p>Thanks to their balance of power, control, and durability, the Cressi Origin fins are a versatile and reliable option for divers of all levels looking for performance and robustness in a compact and efficient fin.<\/p>","protected":false},"excerpt":{"rendered":"<p>Cressi Origin fins combine classic design and modern technology to deliver exceptional power, precision, and durability. Their short, wide blade provides excellent maneuverability, while the single-material construction ensures strength and efficiency with every fin stroke. Available in LD (light and responsive) and HD (stiffer and more powerful) versions, they are ideal for both recreational and technical diving.<\/p>","protected":false},"featured_media":3927,"comment_status":"closed","ping_status":"closed","template":"","meta":{"site-sidebar-layout":"default","site-content-layout":"","ast-site-content-layout":"default","site-content-style":"default","site-sidebar-style":"default","ast-global-header-display":"","ast-banner-title-visibility":"","ast-main-header-display":"","ast-hfb-above-header-display":"","ast-hfb-below-header-display":"","ast-hfb-mobile-header-display":"","site-post-title":"","ast-breadcrumbs-content":"","ast-featured-img":"","footer-sml-layout":"","ast-disable-related-posts":"","theme-transparent-header-meta":"default","adv-header-id-meta":"","stick-header-meta":"","header-above-stick-meta":"","header-main-stick-meta":"","header-below-stick-meta":"","astra-migrate-meta-layouts":"set","ast-page-background-enabled":"default","ast-page-background-meta":{"desktop":{"background-color":"var(--ast-global-color-4)","background-image":"","background-repeat":"repeat","background-position":"center center","background-size":"auto","background-attachment":"scroll","background-type":"","background-media":"","overlay-type":"","overlay-color":"","overlay-opacity":"","overlay-gradient":""},"tablet":{"background-color":"","background-image":"","background-repeat":"repeat","background-position":"center center","background-size":"auto","background-attachment":"scroll","background-type":"","background-media":"","overlay-type":"","overlay-color":"","overlay-opacity":"","overlay-gradient":""},"mobile":{"background-color":"","background-image":"","background-repeat":"repeat","background-position":"center center","background-size":"auto","background-attachment":"scroll","background-type":"","background-media":"","overlay-type":"","overlay-color":"","overlay-opacity":"","overlay-gradient":""}},"ast-content-background-meta":{"desktop":{"background-color":"var(--ast-global-color-5)","background-image":"","background-repeat":"repeat","background-position":"center center","background-size":"auto","background-attachment":"scroll","background-type":"","background-media":"","overlay-type":"","overlay-color":"","overlay-opacity":"","overlay-gradient":""},"tablet":{"background-color":"var(--ast-global-color-5)","background-image":"","background-repeat":"repeat","background-position":"center center","background-size":"auto","background-attachment":"scroll","background-type":"","background-media":"","overlay-type":"","overlay-color":"","overlay-opacity":"","overlay-gradient":""},"mobile":{"background-color":"var(--ast-global-color-5)","background-image":"","background-repeat":"repeat","background-position":"center center","background-size":"auto","background-attachment":"scroll","background-type":"","background-media":"","overlay-type":"","overlay-color":"","overlay-opacity":"","overlay-gradient":""}}},"product_brand":[],"product_cat":[64],"product_tag":[],"class_list":{"0":"post-3926","1":"product","2":"type-product","3":"status-publish","4":"has-post-thumbnail","6":"product_cat-aletas","7":"desktop-align-left","8":"tablet-align-left","9":"mobile-align-left","11":"first","12":"instock","13":"taxable","14":"shipping-taxable","15":"purchasable","16":"product-type-variable"},"yoast_head":"<!-- This site is optimized with the Yoast SEO plugin v27.5 - https:\/\/yoast.com\/product\/yoast-seo-wordpress\/ -->\n<title>Aletas Cressi Origin | Mola Mola Dive<\/title>\n<meta name=\"description\" content=\"Las aletas Cressi Origin combinan dise\u00f1o cl\u00e1sico y tecnolog\u00eda moderna para ofrecer potencia, precisi\u00f3n y durabilidad excepcionales.\" \/>\n<meta name=\"robots\" content=\"index, follow, max-snippet:-1, max-image-preview:large, max-video-preview:-1\" \/>\n<link rel=\"canonical\" href=\"https:\/\/molamoladive.es\/en\/producto\/aletas-cressi-origin\" \/>\n<meta property=\"og:locale\" content=\"en_GB\" \/>\n<meta property=\"og:type\" content=\"article\" \/>\n<meta property=\"og:title\" content=\"Aletas Cressi Origin | Mola Mola Dive\" \/>\n<meta property=\"og:description\" content=\"Las aletas Cressi Origin combinan dise\u00f1o cl\u00e1sico y tecnolog\u00eda moderna para ofrecer potencia, precisi\u00f3n y durabilidad excepcionales.\" \/>\n<meta property=\"og:url\" content=\"https:\/\/molamoladive.es\/en\/producto\/aletas-cressi-origin\" \/>\n<meta property=\"og:site_name\" content=\"Mola Mola Dive\" \/>\n<meta property=\"article:modified_time\" content=\"2026-01-30T10:40:33+00:00\" \/>\n<meta property=\"og:image\" content=\"https:\/\/molamoladive.es\/wp-content\/uploads\/2025\/10\/origin3cuartos-23221443.jpg\" \/>\n\t<meta property=\"og:image:width\" content=\"2000\" \/>\n\t<meta property=\"og:image:height\" content=\"2138\" \/>\n\t<meta property=\"og:image:type\" content=\"image\/jpeg\" \/>\n<meta name=\"twitter:card\" content=\"summary_large_image\" \/>\n<meta name=\"twitter:label1\" content=\"Estimated reading time\" \/>\n\t<meta name=\"twitter:data1\" content=\"2 minutes\" \/>\n<script type=\"application\/ld+json\" class=\"yoast-schema-graph\">{\"@context\":\"https:\\\/\\\/schema.org\",\"@graph\":[{\"@type\":\"WebPage\",\"@id\":\"https:\\\/\\\/molamoladive.es\\\/en\\\/producto\\\/aletas-cressi-origin\",\"url\":\"https:\\\/\\\/molamoladive.es\\\/en\\\/producto\\\/aletas-cressi-origin\",\"name\":\"Aletas Cressi Origin | Mola Mola Dive\",\"isPartOf\":{\"@id\":\"https:\\\/\\\/molamoladive.es\\\/en\\\/#website\"},\"primaryImageOfPage\":{\"@id\":\"https:\\\/\\\/molamoladive.es\\\/en\\\/producto\\\/aletas-cressi-origin#primaryimage\"},\"image\":{\"@id\":\"https:\\\/\\\/molamoladive.es\\\/en\\\/producto\\\/aletas-cressi-origin#primaryimage\"},\"thumbnailUrl\":\"https:\\\/\\\/molamoladive.es\\\/wp-content\\\/uploads\\\/2025\\\/10\\\/origin3cuartos-23221443.jpg\",\"datePublished\":\"2025-10-22T15:10:25+00:00\",\"dateModified\":\"2026-01-30T10:40:33+00:00\",\"description\":\"Las aletas Cressi Origin combinan dise\u00f1o cl\u00e1sico y tecnolog\u00eda moderna para ofrecer potencia, precisi\u00f3n y durabilidad excepcionales.\",\"breadcrumb\":{\"@id\":\"https:\\\/\\\/molamoladive.es\\\/en\\\/producto\\\/aletas-cressi-origin#breadcrumb\"},\"inLanguage\":\"en-GB\",\"potentialAction\":[{\"@type\":\"ReadAction\",\"target\":[\"https:\\\/\\\/molamoladive.es\\\/en\\\/producto\\\/aletas-cressi-origin\"]}]},{\"@type\":\"ImageObject\",\"inLanguage\":\"en-GB\",\"@id\":\"https:\\\/\\\/molamoladive.es\\\/en\\\/producto\\\/aletas-cressi-origin#primaryimage\",\"url\":\"https:\\\/\\\/molamoladive.es\\\/wp-content\\\/uploads\\\/2025\\\/10\\\/origin3cuartos-23221443.jpg\",\"contentUrl\":\"https:\\\/\\\/molamoladive.es\\\/wp-content\\\/uploads\\\/2025\\\/10\\\/origin3cuartos-23221443.jpg\",\"width\":2000,\"height\":2138,\"caption\":\"aletas origin\"},{\"@type\":\"BreadcrumbList\",\"@id\":\"https:\\\/\\\/molamoladive.es\\\/en\\\/producto\\\/aletas-cressi-origin#breadcrumb\",\"itemListElement\":[{\"@type\":\"ListItem\",\"position\":1,\"name\":\"Portada\",\"item\":\"https:\\\/\\\/molamoladive.es\\\/\"},{\"@type\":\"ListItem\",\"position\":2,\"name\":\"Tienda\",\"item\":\"https:\\\/\\\/molamoladive.es\\\/tienda\"},{\"@type\":\"ListItem\",\"position\":3,\"name\":\"Aletas Cressi Origin\"}]},{\"@type\":\"WebSite\",\"@id\":\"https:\\\/\\\/molamoladive.es\\\/en\\\/#website\",\"url\":\"https:\\\/\\\/molamoladive.es\\\/en\\\/\",\"name\":\"Mola Mola Dive\",\"description\":\"Centro de buceo especializado en viajes por el mundo\",\"publisher\":{\"@id\":\"https:\\\/\\\/molamoladive.es\\\/en\\\/#organization\"},\"potentialAction\":[{\"@type\":\"SearchAction\",\"target\":{\"@type\":\"EntryPoint\",\"urlTemplate\":\"https:\\\/\\\/molamoladive.es\\\/en\\\/?s={search_term_string}\"},\"query-input\":{\"@type\":\"PropertyValueSpecification\",\"valueRequired\":true,\"valueName\":\"search_term_string\"}}],\"inLanguage\":\"en-GB\"},{\"@type\":\"Organization\",\"@id\":\"https:\\\/\\\/molamoladive.es\\\/en\\\/#organization\",\"name\":\"Mola Mola Dive\",\"url\":\"https:\\\/\\\/molamoladive.es\\\/en\\\/\",\"logo\":{\"@type\":\"ImageObject\",\"inLanguage\":\"en-GB\",\"@id\":\"https:\\\/\\\/molamoladive.es\\\/en\\\/#\\\/schema\\\/logo\\\/image\\\/\",\"url\":\"https:\\\/\\\/molamoladive.es\\\/wp-content\\\/uploads\\\/2022\\\/01\\\/Logo-Mola-Mola-Sin-Fondo-PNG.png\",\"contentUrl\":\"https:\\\/\\\/molamoladive.es\\\/wp-content\\\/uploads\\\/2022\\\/01\\\/Logo-Mola-Mola-Sin-Fondo-PNG.png\",\"width\":188,\"height\":200,\"caption\":\"Mola Mola Dive\"},\"image\":{\"@id\":\"https:\\\/\\\/molamoladive.es\\\/en\\\/#\\\/schema\\\/logo\\\/image\\\/\"}}]}<\/script>\n<!-- \/ Yoast SEO plugin. -->","yoast_head_json":{"title":"Aletas Cressi Origin | Mola Mola Dive","description":"Las aletas Cressi Origin combinan dise\u00f1o cl\u00e1sico y tecnolog\u00eda moderna para ofrecer potencia, precisi\u00f3n y durabilidad excepcionales.","robots":{"index":"index","follow":"follow","max-snippet":"max-snippet:-1","max-image-preview":"max-image-preview:large","max-video-preview":"max-video-preview:-1"},"canonical":"https:\/\/molamoladive.es\/en\/producto\/aletas-cressi-origin","og_locale":"en_GB","og_type":"article","og_title":"Aletas Cressi Origin | Mola Mola Dive","og_description":"Las aletas Cressi Origin combinan dise\u00f1o cl\u00e1sico y tecnolog\u00eda moderna para ofrecer potencia, precisi\u00f3n y durabilidad excepcionales.","og_url":"https:\/\/molamoladive.es\/en\/producto\/aletas-cressi-origin","og_site_name":"Mola Mola Dive","article_modified_time":"2026-01-30T10:40:33+00:00","og_image":[{"width":2000,"height":2138,"url":"https:\/\/molamoladive.es\/wp-content\/uploads\/2025\/10\/origin3cuartos-23221443.jpg","type":"image\/jpeg"}],"twitter_card":"summary_large_image","twitter_misc":{"Estimated reading time":"2 minutes"},"schema":{"@context":"https:\/\/schema.org","@graph":[{"@type":"WebPage","@id":"https:\/\/molamoladive.es\/en\/producto\/aletas-cressi-origin","url":"https:\/\/molamoladive.es\/en\/producto\/aletas-cressi-origin","name":"Aletas Cressi Origin | Mola Mola Dive","isPartOf":{"@id":"https:\/\/molamoladive.es\/en\/#website"},"primaryImageOfPage":{"@id":"https:\/\/molamoladive.es\/en\/producto\/aletas-cressi-origin#primaryimage"},"image":{"@id":"https:\/\/molamoladive.es\/en\/producto\/aletas-cressi-origin#primaryimage"},"thumbnailUrl":"https:\/\/molamoladive.es\/wp-content\/uploads\/2025\/10\/origin3cuartos-23221443.jpg","datePublished":"2025-10-22T15:10:25+00:00","dateModified":"2026-01-30T10:40:33+00:00","description":"Las aletas Cressi Origin combinan dise\u00f1o cl\u00e1sico y tecnolog\u00eda moderna para ofrecer potencia, precisi\u00f3n y durabilidad excepcionales.","breadcrumb":{"@id":"https:\/\/molamoladive.es\/en\/producto\/aletas-cressi-origin#breadcrumb"},"inLanguage":"en-GB","potentialAction":[{"@type":"ReadAction","target":["https:\/\/molamoladive.es\/en\/producto\/aletas-cressi-origin"]}]},{"@type":"ImageObject","inLanguage":"en-GB","@id":"https:\/\/molamoladive.es\/en\/producto\/aletas-cressi-origin#primaryimage","url":"https:\/\/molamoladive.es\/wp-content\/uploads\/2025\/10\/origin3cuartos-23221443.jpg","contentUrl":"https:\/\/molamoladive.es\/wp-content\/uploads\/2025\/10\/origin3cuartos-23221443.jpg","width":2000,"height":2138,"caption":"aletas origin"},{"@type":"BreadcrumbList","@id":"https:\/\/molamoladive.es\/en\/producto\/aletas-cressi-origin#breadcrumb","itemListElement":[{"@type":"ListItem","position":1,"name":"Portada","item":"https:\/\/molamoladive.es\/"},{"@type":"ListItem","position":2,"name":"Tienda","item":"https:\/\/molamoladive.es\/tienda"},{"@type":"ListItem","position":3,"name":"Aletas Cressi Origin"}]},{"@type":"WebSite","@id":"https:\/\/molamoladive.es\/en\/#website","url":"https:\/\/molamoladive.es\/en\/","name":"Mola Mola Dive","description":"Diving center specializing in trips around the world","publisher":{"@id":"https:\/\/molamoladive.es\/en\/#organization"},"potentialAction":[{"@type":"SearchAction","target":{"@type":"EntryPoint","urlTemplate":"https:\/\/molamoladive.es\/en\/?s={search_term_string}"},"query-input":{"@type":"PropertyValueSpecification","valueRequired":true,"valueName":"search_term_string"}}],"inLanguage":"en-GB"},{"@type":"Organization","@id":"https:\/\/molamoladive.es\/en\/#organization","name":"Mola Mola Dive","url":"https:\/\/molamoladive.es\/en\/","logo":{"@type":"ImageObject","inLanguage":"en-GB","@id":"https:\/\/molamoladive.es\/en\/#\/schema\/logo\/image\/","url":"https:\/\/molamoladive.es\/wp-content\/uploads\/2022\/01\/Logo-Mola-Mola-Sin-Fondo-PNG.png","contentUrl":"https:\/\/molamoladive.es\/wp-content\/uploads\/2022\/01\/Logo-Mola-Mola-Sin-Fondo-PNG.png","width":188,"height":200,"caption":"Mola Mola Dive"},"image":{"@id":"https:\/\/molamoladive.es\/en\/#\/schema\/logo\/image\/"}}]}},"_links":{"self":[{"href":"https:\/\/molamoladive.es\/en\/wp-json\/wp\/v2\/product\/3926","targetHints":{"allow":["GET"]}}],"collection":[{"href":"https:\/\/molamoladive.es\/en\/wp-json\/wp\/v2\/product"}],"about":[{"href":"https:\/\/molamoladive.es\/en\/wp-json\/wp\/v2\/types\/product"}],"replies":[{"embeddable":true,"href":"https:\/\/molamoladive.es\/en\/wp-json\/wp\/v2\/comments?post=3926"}],"wp:featuredmedia":[{"embeddable":true,"href":"https:\/\/molamoladive.es\/en\/wp-json\/wp\/v2\/media\/3927"}],"wp:attachment":[{"href":"https:\/\/molamoladive.es\/en\/wp-json\/wp\/v2\/media?parent=3926"}],"wp:term":[{"taxonomy":"product_brand","embeddable":true,"href":"https:\/\/molamoladive.es\/en\/wp-json\/wp\/v2\/product_brand?post=3926"},{"taxonomy":"product_cat","embeddable":true,"href":"https:\/\/molamoladive.es\/en\/wp-json\/wp\/v2\/product_cat?post=3926"},{"taxonomy":"product_tag","embeddable":true,"href":"https:\/\/molamoladive.es\/en\/wp-json\/wp\/v2\/product_tag?post=3926"}],"curies":[{"name":"wp","href":"https:\/\/api.w.org\/{rel}","templated":true}]}}