{"id":4243,"date":"2025-10-22T17:08:18","date_gmt":"2025-10-22T15:08:18","guid":{"rendered":"https:\/\/molamoladive.es\/?post_type=product&#038;p=4243"},"modified":"2026-01-29T13:21:24","modified_gmt":"2026-01-29T12:21:24","slug":"cressi-comfort","status":"publish","type":"product","link":"https:\/\/molamoladive.es\/en\/producto\/cressi-comfort","title":{"rendered":"Cressi Comfort"},"content":{"rendered":"<p>The Cressi Comfort is a high-performance one-piece wetsuit offered in two different thicknesses \u20147 mm and 5 mm\u2014 to adapt to both cold and warm water dives, without sacrificing the line&#039;s construction advantages.<\/p>\n<p>Constructed with a fully elastic Ultraspan outer lining and a soft, quick-drying X-Plush inner lining, it guarantees comfort, ease of donning, and a pleasant experience before, during, and after the dive. The design also incorporates a pre-shaped Anatomic Shape neck (approximately 120\u00b0) designed to minimize leaks when the diver tilts their head forward.<\/p>\n<p>The 7mm version provides excellent insulation in low temperatures, ideal for cold-water dives where thermal protection is paramount. The 5mm version, on the other hand, offers greater flexibility and comfort for dives in warmer conditions, allowing for greater freedom of movement without sacrificing good thermal protection. Both versions feature reinforcements in critical areas (Small Diamond), a back zipper, and a convenient zippered pocket with a D-ring.<\/p>\n<p>With the Cressi Comfort in its 7 and 5 mm versions, you have a versatile suit that combines warmth and comfort in cold waters, with mobility and lightness when temperatures allow.<\/p>","protected":false},"excerpt":{"rendered":"<p>The Cressi Comfort is available in 7mm and 5mm versions, offering options for maximum thermal protection or greater flexibility depending on water conditions, without sacrificing the comfort, elasticity and quality characteristic of the Comfort range.<\/p>","protected":false},"featured_media":4245,"comment_status":"closed","ping_status":"closed","template":"","meta":{"site-sidebar-layout":"default","site-content-layout":"","ast-site-content-layout":"default","site-content-style":"default","site-sidebar-style":"default","ast-global-header-display":"","ast-banner-title-visibility":"","ast-main-header-display":"","ast-hfb-above-header-display":"","ast-hfb-below-header-display":"","ast-hfb-mobile-header-display":"","site-post-title":"","ast-breadcrumbs-content":"","ast-featured-img":"","footer-sml-layout":"","ast-disable-related-posts":"","theme-transparent-header-meta":"default","adv-header-id-meta":"","stick-header-meta":"","header-above-stick-meta":"","header-main-stick-meta":"","header-below-stick-meta":"","astra-migrate-meta-layouts":"set","ast-page-background-enabled":"default","ast-page-background-meta":{"desktop":{"background-color":"var(--ast-global-color-4)","background-image":"","background-repeat":"repeat","background-position":"center center","background-size":"auto","background-attachment":"scroll","background-type":"","background-media":"","overlay-type":"","overlay-color":"","overlay-opacity":"","overlay-gradient":""},"tablet":{"background-color":"","background-image":"","background-repeat":"repeat","background-position":"center center","background-size":"auto","background-attachment":"scroll","background-type":"","background-media":"","overlay-type":"","overlay-color":"","overlay-opacity":"","overlay-gradient":""},"mobile":{"background-color":"","background-image":"","background-repeat":"repeat","background-position":"center center","background-size":"auto","background-attachment":"scroll","background-type":"","background-media":"","overlay-type":"","overlay-color":"","overlay-opacity":"","overlay-gradient":""}},"ast-content-background-meta":{"desktop":{"background-color":"var(--ast-global-color-5)","background-image":"","background-repeat":"repeat","background-position":"center center","background-size":"auto","background-attachment":"scroll","background-type":"","background-media":"","overlay-type":"","overlay-color":"","overlay-opacity":"","overlay-gradient":""},"tablet":{"background-color":"var(--ast-global-color-5)","background-image":"","background-repeat":"repeat","background-position":"center center","background-size":"auto","background-attachment":"scroll","background-type":"","background-media":"","overlay-type":"","overlay-color":"","overlay-opacity":"","overlay-gradient":""},"mobile":{"background-color":"var(--ast-global-color-5)","background-image":"","background-repeat":"repeat","background-position":"center center","background-size":"auto","background-attachment":"scroll","background-type":"","background-media":"","overlay-type":"","overlay-color":"","overlay-opacity":"","overlay-gradient":""}}},"product_brand":[],"product_cat":[66],"product_tag":[],"class_list":{"0":"post-4243","1":"product","2":"type-product","3":"status-publish","4":"has-post-thumbnail","6":"product_cat-trajes","7":"desktop-align-left","8":"tablet-align-left","9":"mobile-align-left","11":"first","12":"instock","13":"taxable","14":"shipping-taxable","15":"purchasable","16":"product-type-variable"},"yoast_head":"<!-- This site is optimized with the Yoast SEO plugin v27.6 - https:\/\/yoast.com\/product\/yoast-seo-wordpress\/ -->\n<title>Cressi Comfort | Mola Mola Dive<\/title>\n<meta name=\"description\" content=\"El Cressi Comfort est\u00e1 disponible en versiones de 7 mm y 5 mm, ofreciendo opciones de m\u00e1xima protecci\u00f3n t\u00e9rmica o mayor flexibilidad.\" \/>\n<meta name=\"robots\" content=\"index, follow, max-snippet:-1, max-image-preview:large, max-video-preview:-1\" \/>\n<link rel=\"canonical\" href=\"https:\/\/molamoladive.es\/en\/producto\/cressi-comfort\" \/>\n<meta property=\"og:locale\" content=\"en_GB\" \/>\n<meta property=\"og:type\" content=\"article\" \/>\n<meta property=\"og:title\" content=\"Cressi Comfort | Mola Mola Dive\" \/>\n<meta property=\"og:description\" content=\"El Cressi Comfort est\u00e1 disponible en versiones de 7 mm y 5 mm, ofreciendo opciones de m\u00e1xima protecci\u00f3n t\u00e9rmica o mayor flexibilidad.\" \/>\n<meta property=\"og:url\" content=\"https:\/\/molamoladive.es\/en\/producto\/cressi-comfort\" \/>\n<meta property=\"og:site_name\" content=\"Mola Mola Dive\" \/>\n<meta property=\"article:modified_time\" content=\"2026-01-29T12:21:24+00:00\" \/>\n<meta property=\"og:image\" content=\"https:\/\/molamoladive.es\/wp-content\/uploads\/2025\/10\/1199_Comfort_uomo-donna_7mm.jpg\" \/>\n\t<meta property=\"og:image:width\" content=\"2000\" \/>\n\t<meta property=\"og:image:height\" content=\"2182\" \/>\n\t<meta property=\"og:image:type\" content=\"image\/jpeg\" \/>\n<meta name=\"twitter:card\" content=\"summary_large_image\" \/>\n<meta name=\"twitter:label1\" content=\"Estimated reading time\" \/>\n\t<meta name=\"twitter:data1\" content=\"2 minutes\" \/>\n<script type=\"application\/ld+json\" class=\"yoast-schema-graph\">{\"@context\":\"https:\\\/\\\/schema.org\",\"@graph\":[{\"@type\":\"WebPage\",\"@id\":\"https:\\\/\\\/molamoladive.es\\\/en\\\/producto\\\/cressi-comfort\",\"url\":\"https:\\\/\\\/molamoladive.es\\\/en\\\/producto\\\/cressi-comfort\",\"name\":\"Cressi Comfort | Mola Mola Dive\",\"isPartOf\":{\"@id\":\"https:\\\/\\\/molamoladive.es\\\/en\\\/#website\"},\"primaryImageOfPage\":{\"@id\":\"https:\\\/\\\/molamoladive.es\\\/en\\\/producto\\\/cressi-comfort#primaryimage\"},\"image\":{\"@id\":\"https:\\\/\\\/molamoladive.es\\\/en\\\/producto\\\/cressi-comfort#primaryimage\"},\"thumbnailUrl\":\"https:\\\/\\\/molamoladive.es\\\/wp-content\\\/uploads\\\/2025\\\/10\\\/1199_Comfort_uomo-donna_7mm.jpg\",\"datePublished\":\"2025-10-22T15:08:18+00:00\",\"dateModified\":\"2026-01-29T12:21:24+00:00\",\"description\":\"El Cressi Comfort est\u00e1 disponible en versiones de 7 mm y 5 mm, ofreciendo opciones de m\u00e1xima protecci\u00f3n t\u00e9rmica o mayor flexibilidad.\",\"breadcrumb\":{\"@id\":\"https:\\\/\\\/molamoladive.es\\\/en\\\/producto\\\/cressi-comfort#breadcrumb\"},\"inLanguage\":\"en-GB\",\"potentialAction\":[{\"@type\":\"ReadAction\",\"target\":[\"https:\\\/\\\/molamoladive.es\\\/en\\\/producto\\\/cressi-comfort\"]}]},{\"@type\":\"ImageObject\",\"inLanguage\":\"en-GB\",\"@id\":\"https:\\\/\\\/molamoladive.es\\\/en\\\/producto\\\/cressi-comfort#primaryimage\",\"url\":\"https:\\\/\\\/molamoladive.es\\\/wp-content\\\/uploads\\\/2025\\\/10\\\/1199_Comfort_uomo-donna_7mm.jpg\",\"contentUrl\":\"https:\\\/\\\/molamoladive.es\\\/wp-content\\\/uploads\\\/2025\\\/10\\\/1199_Comfort_uomo-donna_7mm.jpg\",\"width\":2000,\"height\":2182},{\"@type\":\"BreadcrumbList\",\"@id\":\"https:\\\/\\\/molamoladive.es\\\/en\\\/producto\\\/cressi-comfort#breadcrumb\",\"itemListElement\":[{\"@type\":\"ListItem\",\"position\":1,\"name\":\"Portada\",\"item\":\"https:\\\/\\\/molamoladive.es\\\/\"},{\"@type\":\"ListItem\",\"position\":2,\"name\":\"Tienda\",\"item\":\"https:\\\/\\\/molamoladive.es\\\/tienda\"},{\"@type\":\"ListItem\",\"position\":3,\"name\":\"Cressi Comfort\"}]},{\"@type\":\"WebSite\",\"@id\":\"https:\\\/\\\/molamoladive.es\\\/en\\\/#website\",\"url\":\"https:\\\/\\\/molamoladive.es\\\/en\\\/\",\"name\":\"Mola Mola Dive\",\"description\":\"Centro de buceo especializado en viajes por el mundo\",\"publisher\":{\"@id\":\"https:\\\/\\\/molamoladive.es\\\/en\\\/#organization\"},\"potentialAction\":[{\"@type\":\"SearchAction\",\"target\":{\"@type\":\"EntryPoint\",\"urlTemplate\":\"https:\\\/\\\/molamoladive.es\\\/en\\\/?s={search_term_string}\"},\"query-input\":{\"@type\":\"PropertyValueSpecification\",\"valueRequired\":true,\"valueName\":\"search_term_string\"}}],\"inLanguage\":\"en-GB\"},{\"@type\":\"Organization\",\"@id\":\"https:\\\/\\\/molamoladive.es\\\/en\\\/#organization\",\"name\":\"Mola Mola Dive\",\"url\":\"https:\\\/\\\/molamoladive.es\\\/en\\\/\",\"logo\":{\"@type\":\"ImageObject\",\"inLanguage\":\"en-GB\",\"@id\":\"https:\\\/\\\/molamoladive.es\\\/en\\\/#\\\/schema\\\/logo\\\/image\\\/\",\"url\":\"https:\\\/\\\/molamoladive.es\\\/wp-content\\\/uploads\\\/2022\\\/01\\\/Logo-Mola-Mola-Sin-Fondo-PNG.png\",\"contentUrl\":\"https:\\\/\\\/molamoladive.es\\\/wp-content\\\/uploads\\\/2022\\\/01\\\/Logo-Mola-Mola-Sin-Fondo-PNG.png\",\"width\":188,\"height\":200,\"caption\":\"Mola Mola Dive\"},\"image\":{\"@id\":\"https:\\\/\\\/molamoladive.es\\\/en\\\/#\\\/schema\\\/logo\\\/image\\\/\"}}]}<\/script>\n<!-- \/ Yoast SEO plugin. -->","yoast_head_json":{"title":"Cressi Comfort | Mola Mola Dive","description":"El Cressi Comfort est\u00e1 disponible en versiones de 7 mm y 5 mm, ofreciendo opciones de m\u00e1xima protecci\u00f3n t\u00e9rmica o mayor flexibilidad.","robots":{"index":"index","follow":"follow","max-snippet":"max-snippet:-1","max-image-preview":"max-image-preview:large","max-video-preview":"max-video-preview:-1"},"canonical":"https:\/\/molamoladive.es\/en\/producto\/cressi-comfort","og_locale":"en_GB","og_type":"article","og_title":"Cressi Comfort | Mola Mola Dive","og_description":"El Cressi Comfort est\u00e1 disponible en versiones de 7 mm y 5 mm, ofreciendo opciones de m\u00e1xima protecci\u00f3n t\u00e9rmica o mayor flexibilidad.","og_url":"https:\/\/molamoladive.es\/en\/producto\/cressi-comfort","og_site_name":"Mola Mola Dive","article_modified_time":"2026-01-29T12:21:24+00:00","og_image":[{"width":2000,"height":2182,"url":"https:\/\/molamoladive.es\/wp-content\/uploads\/2025\/10\/1199_Comfort_uomo-donna_7mm.jpg","type":"image\/jpeg"}],"twitter_card":"summary_large_image","twitter_misc":{"Estimated reading time":"2 minutes"},"schema":{"@context":"https:\/\/schema.org","@graph":[{"@type":"WebPage","@id":"https:\/\/molamoladive.es\/en\/producto\/cressi-comfort","url":"https:\/\/molamoladive.es\/en\/producto\/cressi-comfort","name":"Cressi Comfort | Mola Mola Dive","isPartOf":{"@id":"https:\/\/molamoladive.es\/en\/#website"},"primaryImageOfPage":{"@id":"https:\/\/molamoladive.es\/en\/producto\/cressi-comfort#primaryimage"},"image":{"@id":"https:\/\/molamoladive.es\/en\/producto\/cressi-comfort#primaryimage"},"thumbnailUrl":"https:\/\/molamoladive.es\/wp-content\/uploads\/2025\/10\/1199_Comfort_uomo-donna_7mm.jpg","datePublished":"2025-10-22T15:08:18+00:00","dateModified":"2026-01-29T12:21:24+00:00","description":"El Cressi Comfort est\u00e1 disponible en versiones de 7 mm y 5 mm, ofreciendo opciones de m\u00e1xima protecci\u00f3n t\u00e9rmica o mayor flexibilidad.","breadcrumb":{"@id":"https:\/\/molamoladive.es\/en\/producto\/cressi-comfort#breadcrumb"},"inLanguage":"en-GB","potentialAction":[{"@type":"ReadAction","target":["https:\/\/molamoladive.es\/en\/producto\/cressi-comfort"]}]},{"@type":"ImageObject","inLanguage":"en-GB","@id":"https:\/\/molamoladive.es\/en\/producto\/cressi-comfort#primaryimage","url":"https:\/\/molamoladive.es\/wp-content\/uploads\/2025\/10\/1199_Comfort_uomo-donna_7mm.jpg","contentUrl":"https:\/\/molamoladive.es\/wp-content\/uploads\/2025\/10\/1199_Comfort_uomo-donna_7mm.jpg","width":2000,"height":2182},{"@type":"BreadcrumbList","@id":"https:\/\/molamoladive.es\/en\/producto\/cressi-comfort#breadcrumb","itemListElement":[{"@type":"ListItem","position":1,"name":"Portada","item":"https:\/\/molamoladive.es\/"},{"@type":"ListItem","position":2,"name":"Tienda","item":"https:\/\/molamoladive.es\/tienda"},{"@type":"ListItem","position":3,"name":"Cressi Comfort"}]},{"@type":"WebSite","@id":"https:\/\/molamoladive.es\/en\/#website","url":"https:\/\/molamoladive.es\/en\/","name":"Mola Mola Dive","description":"Diving center specializing in trips around the world","publisher":{"@id":"https:\/\/molamoladive.es\/en\/#organization"},"potentialAction":[{"@type":"SearchAction","target":{"@type":"EntryPoint","urlTemplate":"https:\/\/molamoladive.es\/en\/?s={search_term_string}"},"query-input":{"@type":"PropertyValueSpecification","valueRequired":true,"valueName":"search_term_string"}}],"inLanguage":"en-GB"},{"@type":"Organization","@id":"https:\/\/molamoladive.es\/en\/#organization","name":"Mola Mola Dive","url":"https:\/\/molamoladive.es\/en\/","logo":{"@type":"ImageObject","inLanguage":"en-GB","@id":"https:\/\/molamoladive.es\/en\/#\/schema\/logo\/image\/","url":"https:\/\/molamoladive.es\/wp-content\/uploads\/2022\/01\/Logo-Mola-Mola-Sin-Fondo-PNG.png","contentUrl":"https:\/\/molamoladive.es\/wp-content\/uploads\/2022\/01\/Logo-Mola-Mola-Sin-Fondo-PNG.png","width":188,"height":200,"caption":"Mola Mola Dive"},"image":{"@id":"https:\/\/molamoladive.es\/en\/#\/schema\/logo\/image\/"}}]}},"_links":{"self":[{"href":"https:\/\/molamoladive.es\/en\/wp-json\/wp\/v2\/product\/4243","targetHints":{"allow":["GET"]}}],"collection":[{"href":"https:\/\/molamoladive.es\/en\/wp-json\/wp\/v2\/product"}],"about":[{"href":"https:\/\/molamoladive.es\/en\/wp-json\/wp\/v2\/types\/product"}],"replies":[{"embeddable":true,"href":"https:\/\/molamoladive.es\/en\/wp-json\/wp\/v2\/comments?post=4243"}],"wp:featuredmedia":[{"embeddable":true,"href":"https:\/\/molamoladive.es\/en\/wp-json\/wp\/v2\/media\/4245"}],"wp:attachment":[{"href":"https:\/\/molamoladive.es\/en\/wp-json\/wp\/v2\/media?parent=4243"}],"wp:term":[{"taxonomy":"product_brand","embeddable":true,"href":"https:\/\/molamoladive.es\/en\/wp-json\/wp\/v2\/product_brand?post=4243"},{"taxonomy":"product_cat","embeddable":true,"href":"https:\/\/molamoladive.es\/en\/wp-json\/wp\/v2\/product_cat?post=4243"},{"taxonomy":"product_tag","embeddable":true,"href":"https:\/\/molamoladive.es\/en\/wp-json\/wp\/v2\/product_tag?post=4243"}],"curies":[{"name":"wp","href":"https:\/\/api.w.org\/{rel}","templated":true}]}}